{"id":2113,"date":"2024-01-16T17:16:03","date_gmt":"2024-01-16T16:16:03","guid":{"rendered":"https:\/\/tetedafficheshop.com\/?post_type=product&#038;p=2113"},"modified":"2024-06-08T14:47:12","modified_gmt":"2024-06-08T12:47:12","slug":"sauvage-affiche","status":"publish","type":"product","link":"https:\/\/tetedafficheshop.com\/index.php\/product\/sauvage-affiche\/","title":{"rendered":"Sauvage"},"content":{"rendered":"","protected":false},"excerpt":{"rendered":"<p>par Elvine Marsh<\/p>\n<p><strong>INFORMATIONS<\/strong><\/p>\n<p>Impression sur papier d\u2019art turner 300mg certifi\u00e9 FSC \u2122<br \/>\nAffiche num\u00e9rot\u00e9e, en \u00e9dition limit\u00e9e de 100 exemplaires<\/p>\n<p><strong>LIVRAISON<\/strong><\/p>\n<p>Packaging renforc\u00e9.<br \/>\nLivraison par Colissimo sous 7 jours ouvr\u00e9s.<br \/>\nou click &amp; collect \u00e0 la galerie (du mardi au samedi, 11h \u00e0 19h)<\/p>\n","protected":false},"featured_media":2034,"comment_status":"open","ping_status":"closed","template":"","meta":{"_monsterinsights_skip_tracking":false,"_monsterinsights_sitenote_active":false,"_monsterinsights_sitenote_note":"","_monsterinsights_sitenote_category":0,"site-sidebar-layout":"default","site-content-layout":"default","ast-site-content-layout":"default","site-content-style":"default","site-sidebar-style":"default","ast-global-header-display":"","ast-banner-title-visibility":"","ast-main-header-display":"","ast-hfb-above-header-display":"","ast-hfb-below-header-display":"","ast-hfb-mobile-header-display":"","site-post-title":"","ast-breadcrumbs-content":"","ast-featured-img":"","footer-sml-layout":"","theme-transparent-header-meta":"default","adv-header-id-meta":"","stick-header-meta":"","header-above-stick-meta":"","header-main-stick-meta":"","header-below-stick-meta":"","astra-migrate-meta-layouts":"set","ast-page-background-enabled":"default","ast-page-background-meta":{"desktop":{"background-color":"var(--ast-global-color-4)","background-image":"","background-repeat":"repeat","background-position":"center center","background-size":"auto","background-attachment":"scroll","background-type":"","background-media":"","overlay-type":"","overlay-color":"","overlay-opacity":"","overlay-gradient":""},"tablet":{"background-color":"","background-image":"","background-repeat":"repeat","background-position":"center center","background-size":"auto","background-attachment":"scroll","background-type":"","background-media":"","overlay-type":"","overlay-color":"","overlay-opacity":"","overlay-gradient":""},"mobile":{"background-color":"","background-image":"","background-repeat":"repeat","background-position":"center center","background-size":"auto","background-attachment":"scroll","background-type":"","background-media":"","overlay-type":"","overlay-color":"","overlay-opacity":"","overlay-gradient":""}},"ast-content-background-meta":{"desktop":{"background-color":"var(--ast-global-color-5)","background-image":"","background-repeat":"repeat","background-position":"center center","background-size":"auto","background-attachment":"scroll","background-type":"","background-media":"","overlay-type":"","overlay-color":"","overlay-opacity":"","overlay-gradient":""},"tablet":{"background-color":"var(--ast-global-color-5)","background-image":"","background-repeat":"repeat","background-position":"center center","background-size":"auto","background-attachment":"scroll","background-type":"","background-media":"","overlay-type":"","overlay-color":"","overlay-opacity":"","overlay-gradient":""},"mobile":{"background-color":"var(--ast-global-color-5)","background-image":"","background-repeat":"repeat","background-position":"center center","background-size":"auto","background-attachment":"scroll","background-type":"","background-media":"","overlay-type":"","overlay-color":"","overlay-opacity":"","overlay-gradient":""}}},"product_cat":[50],"product_tag":[52],"supplier_id":null,"supplier_sku":"","barcode":null,"atum_controlled":true,"out_stock_date":null,"out_stock_threshold":null,"inheritable":true,"inbound_stock":0,"stock_on_hold":0,"sold_today":0,"sales_last_days":0,"reserved_stock":0,"customer_returns":0,"warehouse_damage":0,"lost_in_post":0,"other_logs":0,"out_stock_days":0,"lost_sales":0,"has_location":false,"update_date":"2026-04-10T09:19:06","atum_locations":[],"atum_stock_status":"instock","restock_status":false,"low_stock_amount":"","sales_update_date":"2026-04-10T09:19:06","calc_backorders":null,"yoast_head":"<!-- This site is optimized with the Yoast SEO plugin v22.9 - https:\/\/yoast.com\/wordpress\/plugins\/seo\/ -->\n<title>Sauvage - T\u00eate d&#039;Affiche<\/title>\n<meta name=\"robots\" content=\"index, follow, max-snippet:-1, max-image-preview:large, max-video-preview:-1\" \/>\n<link rel=\"canonical\" href=\"https:\/\/tetedafficheshop.com\/index.php\/product\/sauvage-affiche\/\" \/>\n<meta property=\"og:locale\" content=\"fr_FR\" \/>\n<meta property=\"og:type\" content=\"article\" \/>\n<meta property=\"og:title\" content=\"Sauvage - T\u00eate d&#039;Affiche\" \/>\n<meta property=\"og:description\" content=\"par Elvine Marsh  INFORMATIONS  Impression sur papier d\u2019art turner 300mg certifi\u00e9 FSC \u2122 Affiche num\u00e9rot\u00e9e, en \u00e9dition limit\u00e9e de 100 exemplaires  LIVRAISON  Packaging renforc\u00e9. Livraison par Colissimo sous 7 jours ouvr\u00e9s. ou click &amp; collect \u00e0 la galerie (du mardi au samedi, 11h \u00e0 19h)\" \/>\n<meta property=\"og:url\" content=\"https:\/\/tetedafficheshop.com\/index.php\/product\/sauvage-affiche\/\" \/>\n<meta property=\"og:site_name\" content=\"T\u00eate d&#039;Affiche\" \/>\n<meta property=\"article:modified_time\" content=\"2024-06-08T12:47:12+00:00\" \/>\n<meta property=\"og:image\" content=\"https:\/\/tetedafficheshop.com\/wp-content\/uploads\/2023\/12\/Untitled_Artwork-5-scaled.jpg\" \/>\n\t<meta property=\"og:image:width\" content=\"2373\" \/>\n\t<meta property=\"og:image:height\" content=\"2560\" \/>\n\t<meta property=\"og:image:type\" content=\"image\/jpeg\" \/>\n<meta name=\"twitter:card\" content=\"summary_large_image\" \/>\n<meta name=\"twitter:label1\" content=\"Dur\u00e9e de lecture estim\u00e9e\" \/>\n\t<meta name=\"twitter:data1\" content=\"1 minute\" \/>\n<script type=\"application\/ld+json\" class=\"yoast-schema-graph\">{\"@context\":\"https:\/\/schema.org\",\"@graph\":[{\"@type\":\"WebPage\",\"@id\":\"https:\/\/tetedafficheshop.com\/index.php\/product\/sauvage-affiche\/\",\"url\":\"https:\/\/tetedafficheshop.com\/index.php\/product\/sauvage-affiche\/\",\"name\":\"Sauvage - T\u00eate d&#039;Affiche\",\"isPartOf\":{\"@id\":\"https:\/\/tetedafficheshop.com\/#website\"},\"primaryImageOfPage\":{\"@id\":\"https:\/\/tetedafficheshop.com\/index.php\/product\/sauvage-affiche\/#primaryimage\"},\"image\":{\"@id\":\"https:\/\/tetedafficheshop.com\/index.php\/product\/sauvage-affiche\/#primaryimage\"},\"thumbnailUrl\":\"https:\/\/tetedafficheshop.com\/wp-content\/uploads\/2023\/12\/Untitled_Artwork-5-scaled.jpg\",\"datePublished\":\"2024-01-16T16:16:03+00:00\",\"dateModified\":\"2024-06-08T12:47:12+00:00\",\"breadcrumb\":{\"@id\":\"https:\/\/tetedafficheshop.com\/index.php\/product\/sauvage-affiche\/#breadcrumb\"},\"inLanguage\":\"fr-FR\",\"potentialAction\":[{\"@type\":\"ReadAction\",\"target\":[\"https:\/\/tetedafficheshop.com\/index.php\/product\/sauvage-affiche\/\"]}]},{\"@type\":\"ImageObject\",\"inLanguage\":\"fr-FR\",\"@id\":\"https:\/\/tetedafficheshop.com\/index.php\/product\/sauvage-affiche\/#primaryimage\",\"url\":\"https:\/\/tetedafficheshop.com\/wp-content\/uploads\/2023\/12\/Untitled_Artwork-5-scaled.jpg\",\"contentUrl\":\"https:\/\/tetedafficheshop.com\/wp-content\/uploads\/2023\/12\/Untitled_Artwork-5-scaled.jpg\",\"width\":2373,\"height\":2560},{\"@type\":\"BreadcrumbList\",\"@id\":\"https:\/\/tetedafficheshop.com\/index.php\/product\/sauvage-affiche\/#breadcrumb\",\"itemListElement\":[{\"@type\":\"ListItem\",\"position\":1,\"name\":\"Accueil\",\"item\":\"https:\/\/tetedafficheshop.com\/\"},{\"@type\":\"ListItem\",\"position\":2,\"name\":\"Produits\",\"item\":\"https:\/\/tetedafficheshop.com\/index.php\/shop\/\"},{\"@type\":\"ListItem\",\"position\":3,\"name\":\"Sauvage\"}]},{\"@type\":\"WebSite\",\"@id\":\"https:\/\/tetedafficheshop.com\/#website\",\"url\":\"https:\/\/tetedafficheshop.com\/\",\"name\":\"T\u00eate d&#039;Affiche\",\"description\":\"\",\"publisher\":{\"@id\":\"https:\/\/tetedafficheshop.com\/#organization\"},\"potentialAction\":[{\"@type\":\"SearchAction\",\"target\":{\"@type\":\"EntryPoint\",\"urlTemplate\":\"https:\/\/tetedafficheshop.com\/?s={search_term_string}\"},\"query-input\":\"required name=search_term_string\"}],\"inLanguage\":\"fr-FR\"},{\"@type\":\"Organization\",\"@id\":\"https:\/\/tetedafficheshop.com\/#organization\",\"name\":\"T\u00eate d'Affiche\",\"url\":\"https:\/\/tetedafficheshop.com\/\",\"logo\":{\"@type\":\"ImageObject\",\"inLanguage\":\"fr-FR\",\"@id\":\"https:\/\/tetedafficheshop.com\/#\/schema\/logo\/image\/\",\"url\":\"https:\/\/tetedafficheshop.com\/wp-content\/uploads\/2023\/06\/tete_daffiche.jpg\",\"contentUrl\":\"https:\/\/tetedafficheshop.com\/wp-content\/uploads\/2023\/06\/tete_daffiche.jpg\",\"width\":150,\"height\":150,\"caption\":\"T\u00eate d'Affiche\"},\"image\":{\"@id\":\"https:\/\/tetedafficheshop.com\/#\/schema\/logo\/image\/\"},\"sameAs\":[\"https:\/\/www.instagram.com\/tetedafficheshop\/\"]}]}<\/script>\n<!-- \/ Yoast SEO plugin. -->","yoast_head_json":{"title":"Sauvage - T\u00eate d&#039;Affiche","robots":{"index":"index","follow":"follow","max-snippet":"max-snippet:-1","max-image-preview":"max-image-preview:large","max-video-preview":"max-video-preview:-1"},"canonical":"https:\/\/tetedafficheshop.com\/index.php\/product\/sauvage-affiche\/","og_locale":"fr_FR","og_type":"article","og_title":"Sauvage - T\u00eate d&#039;Affiche","og_description":"par Elvine Marsh  INFORMATIONS  Impression sur papier d\u2019art turner 300mg certifi\u00e9 FSC \u2122 Affiche num\u00e9rot\u00e9e, en \u00e9dition limit\u00e9e de 100 exemplaires  LIVRAISON  Packaging renforc\u00e9. Livraison par Colissimo sous 7 jours ouvr\u00e9s. ou click &amp; collect \u00e0 la galerie (du mardi au samedi, 11h \u00e0 19h)","og_url":"https:\/\/tetedafficheshop.com\/index.php\/product\/sauvage-affiche\/","og_site_name":"T\u00eate d&#039;Affiche","article_modified_time":"2024-06-08T12:47:12+00:00","og_image":[{"width":2373,"height":2560,"url":"https:\/\/tetedafficheshop.com\/wp-content\/uploads\/2023\/12\/Untitled_Artwork-5-scaled.jpg","type":"image\/jpeg"}],"twitter_card":"summary_large_image","twitter_misc":{"Dur\u00e9e de lecture estim\u00e9e":"1 minute"},"schema":{"@context":"https:\/\/schema.org","@graph":[{"@type":"WebPage","@id":"https:\/\/tetedafficheshop.com\/index.php\/product\/sauvage-affiche\/","url":"https:\/\/tetedafficheshop.com\/index.php\/product\/sauvage-affiche\/","name":"Sauvage - T\u00eate d&#039;Affiche","isPartOf":{"@id":"https:\/\/tetedafficheshop.com\/#website"},"primaryImageOfPage":{"@id":"https:\/\/tetedafficheshop.com\/index.php\/product\/sauvage-affiche\/#primaryimage"},"image":{"@id":"https:\/\/tetedafficheshop.com\/index.php\/product\/sauvage-affiche\/#primaryimage"},"thumbnailUrl":"https:\/\/tetedafficheshop.com\/wp-content\/uploads\/2023\/12\/Untitled_Artwork-5-scaled.jpg","datePublished":"2024-01-16T16:16:03+00:00","dateModified":"2024-06-08T12:47:12+00:00","breadcrumb":{"@id":"https:\/\/tetedafficheshop.com\/index.php\/product\/sauvage-affiche\/#breadcrumb"},"inLanguage":"fr-FR","potentialAction":[{"@type":"ReadAction","target":["https:\/\/tetedafficheshop.com\/index.php\/product\/sauvage-affiche\/"]}]},{"@type":"ImageObject","inLanguage":"fr-FR","@id":"https:\/\/tetedafficheshop.com\/index.php\/product\/sauvage-affiche\/#primaryimage","url":"https:\/\/tetedafficheshop.com\/wp-content\/uploads\/2023\/12\/Untitled_Artwork-5-scaled.jpg","contentUrl":"https:\/\/tetedafficheshop.com\/wp-content\/uploads\/2023\/12\/Untitled_Artwork-5-scaled.jpg","width":2373,"height":2560},{"@type":"BreadcrumbList","@id":"https:\/\/tetedafficheshop.com\/index.php\/product\/sauvage-affiche\/#breadcrumb","itemListElement":[{"@type":"ListItem","position":1,"name":"Accueil","item":"https:\/\/tetedafficheshop.com\/"},{"@type":"ListItem","position":2,"name":"Produits","item":"https:\/\/tetedafficheshop.com\/index.php\/shop\/"},{"@type":"ListItem","position":3,"name":"Sauvage"}]},{"@type":"WebSite","@id":"https:\/\/tetedafficheshop.com\/#website","url":"https:\/\/tetedafficheshop.com\/","name":"T\u00eate d&#039;Affiche","description":"","publisher":{"@id":"https:\/\/tetedafficheshop.com\/#organization"},"potentialAction":[{"@type":"SearchAction","target":{"@type":"EntryPoint","urlTemplate":"https:\/\/tetedafficheshop.com\/?s={search_term_string}"},"query-input":"required name=search_term_string"}],"inLanguage":"fr-FR"},{"@type":"Organization","@id":"https:\/\/tetedafficheshop.com\/#organization","name":"T\u00eate d'Affiche","url":"https:\/\/tetedafficheshop.com\/","logo":{"@type":"ImageObject","inLanguage":"fr-FR","@id":"https:\/\/tetedafficheshop.com\/#\/schema\/logo\/image\/","url":"https:\/\/tetedafficheshop.com\/wp-content\/uploads\/2023\/06\/tete_daffiche.jpg","contentUrl":"https:\/\/tetedafficheshop.com\/wp-content\/uploads\/2023\/06\/tete_daffiche.jpg","width":150,"height":150,"caption":"T\u00eate d'Affiche"},"image":{"@id":"https:\/\/tetedafficheshop.com\/#\/schema\/logo\/image\/"},"sameAs":["https:\/\/www.instagram.com\/tetedafficheshop\/"]}]}},"jetpack_sharing_enabled":true,"_links":{"self":[{"href":"https:\/\/tetedafficheshop.com\/index.php\/wp-json\/wp\/v2\/product\/2113"}],"collection":[{"href":"https:\/\/tetedafficheshop.com\/index.php\/wp-json\/wp\/v2\/product"}],"about":[{"href":"https:\/\/tetedafficheshop.com\/index.php\/wp-json\/wp\/v2\/types\/product"}],"replies":[{"embeddable":true,"href":"https:\/\/tetedafficheshop.com\/index.php\/wp-json\/wp\/v2\/comments?post=2113"}],"wp:featuredmedia":[{"embeddable":true,"href":"https:\/\/tetedafficheshop.com\/index.php\/wp-json\/wp\/v2\/media\/2034"}],"wp:attachment":[{"href":"https:\/\/tetedafficheshop.com\/index.php\/wp-json\/wp\/v2\/media?parent=2113"}],"wp:term":[{"taxonomy":"product_cat","embeddable":true,"href":"https:\/\/tetedafficheshop.com\/index.php\/wp-json\/wp\/v2\/product_cat?post=2113"},{"taxonomy":"product_tag","embeddable":true,"href":"https:\/\/tetedafficheshop.com\/index.php\/wp-json\/wp\/v2\/product_tag?post=2113"}],"curies":[{"name":"wp","href":"https:\/\/api.w.org\/{rel}","templated":true}]}}