{"id":2281,"date":"2024-04-17T12:22:36","date_gmt":"2024-04-17T10:22:36","guid":{"rendered":"https:\/\/tetedafficheshop.com\/?page_id=2281"},"modified":"2024-04-17T12:40:37","modified_gmt":"2024-04-17T10:40:37","slug":"nos-conditions-generales-de-ventes","status":"publish","type":"page","link":"https:\/\/tetedafficheshop.com\/index.php\/nos-conditions-generales-de-ventes\/","title":{"rendered":"Nos conditions G\u00e9n\u00e9rales de Ventes"},"content":{"rendered":"\t\t<div data-elementor-type=\"wp-page\" data-elementor-id=\"2281\" class=\"elementor elementor-2281\" data-elementor-post-type=\"page\">\n\t\t\t\t\t\t<section class=\"elementor-section elementor-top-section elementor-element elementor-element-a4f68fe elementor-section-boxed elementor-section-height-default elementor-section-height-default\" data-id=\"a4f68fe\" data-element_type=\"section\">\n\t\t\t\t\t\t<div class=\"elementor-container elementor-column-gap-default\">\n\t\t\t\t\t<div class=\"elementor-column elementor-col-100 elementor-top-column elementor-element elementor-element-0a5da6a\" data-id=\"0a5da6a\" data-element_type=\"column\">\n\t\t\t<div class=\"elementor-widget-wrap elementor-element-populated\">\n\t\t\t\t\t\t<div class=\"elementor-element elementor-element-35b67be elementor-widget elementor-widget-text-editor\" data-id=\"35b67be\" data-element_type=\"widget\" data-widget_type=\"text-editor.default\">\n\t\t\t\t<div class=\"elementor-widget-container\">\n\t\t\t<style>\/*! elementor - v3.22.0 - 17-06-2024 *\/\n.elementor-widget-text-editor.elementor-drop-cap-view-stacked .elementor-drop-cap{background-color:#69727d;color:#fff}.elementor-widget-text-editor.elementor-drop-cap-view-framed .elementor-drop-cap{color:#69727d;border:3px solid;background-color:transparent}.elementor-widget-text-editor:not(.elementor-drop-cap-view-default) .elementor-drop-cap{margin-top:8px}.elementor-widget-text-editor:not(.elementor-drop-cap-view-default) .elementor-drop-cap-letter{width:1em;height:1em}.elementor-widget-text-editor .elementor-drop-cap{float:left;text-align:center;line-height:1;font-size:50px}.elementor-widget-text-editor .elementor-drop-cap-letter{display:inline-block}<\/style>\t\t\t\t<h1>NOS CONDITIONS G\u00c9N\u00c9RALES DE VENTES<\/h1><p>\u00a0<\/p><h5>ARTICLE 1 &#8211; CLIENT<\/h5><p>La personne qui proc\u00e8de \u00e0 l&rsquo;achat en ligne sur le site www.tetedafficheshop.com d\u00e9clare \u00eatre majeure au sens l\u00e9gal du pays dans lequel il r\u00e9side, et avoir la capacit\u00e9 juridique ou \u00eatre titulaire d\u2019une autorisation parentale lui permettant d\u2019effectuer une commande sur le Site. Lors de l\u2019enregistrement de ses donn\u00e9es personnelles lors de la validation de la commande ou de la cr\u00e9ation de son compte, ce dernier doit s\u2019assurer de l\u2019exactitude des donn\u00e9es obligatoires qu\u2019il fournit. En cas d\u2019erreur dans les coordonn\u00e9es du destinataire, TETE D&rsquo;AFFICHE ne saurait \u00eatre tenue responsable de l&rsquo;\u00e9ventuelle non livraison du produit.<\/p><h5>ARTICLE 2 &#8211; PRIX<\/h5><p>2.1 Les prix indiqu\u00e9s en euros sont toutes taxes comprises sans les frais de port. Les frais d&rsquo;envoi sont indiqu\u00e9s lorsque le client passe sa commande et avant qu\u2019il ne proc\u00e8de au r\u00e8glement. Il n&rsquo;y a pas de frais de port en cas de retrait \u00e0 la boutique (TETE D\u2019AFFICHE, 12 rue Gambetta, 57000 METZ).<\/p><p>2.2 En cas de demande de livraison \u00e0 l&rsquo;\u00e9tranger, des droits de douane, taxes locales, droits d\u2019importation ou taxes d\u2019Etat sont susceptibles d\u2019\u00eatre exigibles. Ces droits et sommes ne rel\u00e8vent pas du ressort de TETE D\u2019AFFICHE et rel\u00e8vent de l&rsquo;enti\u00e8re responsabilit\u00e9 de l&rsquo;acheteur.<\/p><p>2.3 TETE D\u2019AFFICHE peut revoir ses prix \u00e0 tout moment, les produits seront factur\u00e9s sur la base des tarifs en vigueur au moment de l\u2019enregistrement des commandes.<\/p><h5>ARTICLE 3 &#8211; COMMANDE<\/h5><p>3.1 Toute commande implique de plein droit l\u2019enti\u00e8re acceptation des pr\u00e9sentes conditions de vente. Celles-ci ne sauraient \u00eatre modifi\u00e9es par des ajouts contraires du client sur les bons de commande, et ce quel que soit le moment o\u00f9 elles auraient pu \u00eatre port\u00e9es \u00e0 la connaissance de TETE D\u2019AFFICHE.<\/p><p>3.2 La validation de toute commande en ligne suppose l\u2019acceptation, par l\u2019internaute, de l\u2019int\u00e9gralit\u00e9 des conditions g\u00e9n\u00e9rales, qui reconna\u00eet du m\u00eame fait en avoir pris pleinement connaissance. Cette acceptation consistera dans le fait, pour l\u2019internaute, de cocher la case correspondant \u00e0 la phrase suivante : \u00abJ&rsquo;ai lu les conditions g\u00e9n\u00e9rales de vente et j&rsquo;y adh\u00e8re sans r\u00e9serve\u00bb. Ce fait de cocher la case sera r\u00e9put\u00e9 avoir la m\u00eame valeur qu\u2019une signature manuscrite de la part de l\u2019internaute.<\/p><p>3.3 Le client aura la possibilit\u00e9, avant de valider d\u00e9finitivement sa commande, d&rsquo;en v\u00e9rifier le d\u00e9tail et son prix total, et de corriger d\u2019\u00e9ventuelles erreurs, avant de confirmer celle-ci pour exprimer son acceptation. Toute commande confirm\u00e9e par le Client vaut contrat de vente et acceptation de l\u2019ensemble des stipulations des pr\u00e9sentes. TETE D\u2019AFFICHE s\u2019engage \u00e0 envoyer au client un courrier \u00e9lectronique confirmant l\u2019ensemble des \u00e9l\u00e9ments de la commande, avant l\u2019exp\u00e9dition de celle-ci. Le client est donc tenu de fournir une adresse email valide lors de son inscription.<\/p><p>3.4 Par l\u2019envoi du bon de commande \u00e9lectronique, le client passe commande ferme et d\u00e9finitive. Toute modification devra faire l\u2019objet d\u2019une nouvelle commande de la part du client.<\/p><p>3.5 TETE D\u2019AFFICHE ne saurait \u00eatre tenue responsable de l\u2019inex\u00e9cution ou de la mauvaise ex\u00e9cution d\u2019une commande en cas de force majeure ou de cause \u00e9trang\u00e8re. Si, dans l\u2019ex\u00e9cution des obligations lui incombant, la responsabilit\u00e9 de TETE D\u2019AFFICHE est engag\u00e9e, le client ne pourra pr\u00e9tendre qu\u2019\u00e0 des dommages et int\u00e9r\u00eats qui ne pourront exc\u00e9der le montant total vers\u00e9 par le client en r\u00e8glement de la commande en cause.<\/p><h5>ARTICLE 4 &#8211; PAIEMENT<\/h5><p>4.1 Le r\u00e8glement de la commande pass\u00e9e \u00e0 TETE D&rsquo;AFFICHE se fait par virement bancaire, carte bancaire ou Paypal. Les cartes de paiement accept\u00e9es sont les cartes CB, MasterCard et Visa. Les donn\u00e9es enregistr\u00e9es par le syst\u00e8me de paiement Paypal et \/ou le service de paiement fourni par la banque Populaire\u00a0 constituent la preuve des transactions financi\u00e8res.<\/p><p>4.2 Le paiement est s\u00e9curis\u00e9 par le protocole SSL.<\/p><h5>ARTICLE 5 &#8211; LIVRAISON<\/h5><p>5.1 Les produits command\u00e9s sont exp\u00e9di\u00e9s du mardi au vendredi. Les d\u00e9lais de livraison figurant dans le bon de commande de TETE D\u2019AFFICHE ne sont donn\u00e9s, sauf stipulation contraire, qu\u2019\u00e0 titre indicatif. Les retards \u00e9ventuels ne sauraient donner au client le droit d\u2019annuler la commande, de la refuser ou de demander des dommages et int\u00e9r\u00eats.<\/p><p>5.2 TETE D\u2019AFFICHE ne pourra \u00eatre tenue pour responsable des cons\u00e9quences dues \u00e0 un retard d&rsquo;acheminement.<\/p><h5>ARTICLE 6 &#8211; CONFORMITE<\/h5><p>6.1 TETE D\u2019AFFICHE s\u2019engage \u00e0 rembourser ou \u00e0 \u00e9changer les produits ne correspondant pas \u00e0 la commande. La demande doit \u00eatre effectu\u00e9e dans les 7 jours ouvr\u00e9s suivant la livraison par email \u00e0 :\u00a0tetedafficheshop@gmail.com . Toute r\u00e9clamation formul\u00e9e hors de ce d\u00e9lai ne pourra \u00eatre accept\u00e9e. Les produits doivent \u00eatre renvoy\u00e9s \u00e0 TETE D\u2019AFFICHE dans l&rsquo;\u00e9tat dans lequel ils ont \u00e9t\u00e9 re\u00e7us, dans leur emballage d\u2019origine, dans un d\u00e9lai de 7 jours ouvr\u00e9s suivant l\u2019envoi de cet email.<\/p><p><span style=\"font-style: inherit; font-weight: inherit; background-color: var(--ast-global-color-5); color: var(--ast-global-color-3);\">6.3 Les frais d&rsquo;envoi seront rembours\u00e9s, sur la base du tarif\u00a0<\/span><span style=\"font-style: inherit; font-weight: inherit; background-color: var(--ast-global-color-5); color: var(--ast-global-color-3);\">factur\u00e9, ainsi que les frais de retour d\u00e9bours\u00e9s, si le retour\u00a0<\/span><span style=\"font-style: inherit; font-weight: inherit; background-color: var(--ast-global-color-5); color: var(--ast-global-color-3);\">est justifi\u00e9 par un d\u00e9faut de qualit\u00e9 ou de non-conformit\u00e9 \u00e0\u00a0<\/span><span style=\"font-style: inherit; font-weight: inherit; background-color: var(--ast-global-color-5); color: var(--ast-global-color-3);\">la commande.<\/span><\/p><p>6.4 Les \u0153uvres sont vendues telles que repr\u00e9sent\u00e9es sur le site www.tetedafficheshop.com, TETE D\u2019AFFICHE ne peut \u00eatre tenue responsable des diff\u00e9rences minimes pouvant exister entre l&rsquo;image affich\u00e9e sur le site et la r\u00e9alit\u00e9 du produit.<\/p><h5>ARTICLE 7 &#8211; SERVICE CLIENTELE<\/h5><p>Pour toute information ou question, notre service Client\u00e8le est \u00e0 votre disposition par email (tetedafficheshop@gmail.com), t\u00e9l\u00e9phone (0638743972) du mardi au samedi, de midi \u00e0 19h00 ou \u00e0 TETE D\u2019AFFICHE (12 rue Gambetta, 57000 METZ, France).<\/p><h5>ARTICLE 8 &#8211; PROPRIETE INTELLECTUELLE<\/h5><p>Tous les textes, commentaires, ouvrages, illustrations et images reproduits sur le site www.tetedafficheshop.com sont r\u00e9serv\u00e9s au titre du droit d\u2019auteur ainsi qu\u2019au titre de la propri\u00e9t\u00e9 intellectuelle et pour le monde entier. A ce titre et conform\u00e9ment aux dispositions du Code de la Propri\u00e9t\u00e9 Intellectuelle, seule l\u2019utilisation pour un usage priv\u00e9 sous r\u00e9serve de dispositions diff\u00e9rentes voire plus restrictives du code de la propri\u00e9t\u00e9 intellectuelle. Toute autre utilisation est constitutive de contrefa\u00e7on et sanctionn\u00e9e au titre de la Propri\u00e9t\u00e9 Intellectuelle sauf autorisation pr\u00e9alable de TETE D&rsquo;AFFICHE. Toute reproduction totale ou partielle du catalogue de TETE D\u2019AFFICHE est strictement interdite.<\/p><h5>ARTICLE 9 &#8211; INFORMATIONS NOMINATIVES<\/h5><p>TETE D\u2019AFFICHE s\u2019engage \u00e0 ne pas divulguer \u00e0 des tiers les informations que vous lui communiquez. Celles-ci sont confidentielles. Elles ne seront utilis\u00e9es par ses services internes que pour le traitement de votre commande et que pour renforcer et personnaliser la communication et l\u2019offre culturelle et produit r\u00e9serv\u00e9es aux clients de la Galerie, notamment par les lettres d\u2019informations de auxquelles vous vous serez abonn\u00e9s ainsi que dans le cadre de la personnalisation du site en fonction de vos centres d\u2019int\u00e9r\u00eats. Pour \u00eatre d\u00e9sinscrit de la newsletter envoyer nous un mail en le pr\u00e9cisant \u00e0 tetedafficheshop@gmail.com<br \/>Tous les d\u00e9tails de paiement sont la responsabilit\u00e9 du service s\u00e9curis\u00e9 Paypal et de la Banque Populaire.<\/p><h5>ARTICLE 10 &#8211; DROIT APPLICABLE ET<br \/>REGLEMENT DES LITIGES<\/h5><p>Le pr\u00e9sent contrat est soumis \u00e0 la loi fran\u00e7aise. Tout litige relatif \u00e0 l\u2019interpr\u00e9tation ou \u00e0 l\u2019ex\u00e9cution des pr\u00e9sentes sera<br \/>de la comp\u00e9tence exclusive des Tribunaux de METZ.<\/p>\t\t\t\t\t\t<\/div>\n\t\t\t\t<\/div>\n\t\t\t\t\t<\/div>\n\t\t<\/div>\n\t\t\t\t\t<\/div>\n\t\t<\/section>\n\t\t\t\t<\/div>\n\t\t","protected":false},"excerpt":{"rendered":"<p>NOS CONDITIONS G\u00c9N\u00c9RALES DE VENTES \u00a0 ARTICLE 1 &#8211; CLIENT La personne qui proc\u00e8de \u00e0 l&rsquo;achat en ligne sur le site www.tetedafficheshop.com d\u00e9clare \u00eatre majeure au sens l\u00e9gal du pays dans lequel il r\u00e9side, et avoir la capacit\u00e9 juridique ou \u00eatre titulaire d\u2019une autorisation parentale lui permettant d\u2019effectuer une commande sur le Site. Lors de [&hellip;]<\/p>\n","protected":false},"author":1,"featured_media":0,"parent":0,"menu_order":0,"comment_status":"closed","ping_status":"closed","template":"","meta":{"_monsterinsights_skip_tracking":false,"_monsterinsights_sitenote_active":false,"_monsterinsights_sitenote_note":"","_monsterinsights_sitenote_category":0,"site-sidebar-layout":"no-sidebar","site-content-layout":"page-builder","ast-site-content-layout":"","site-content-style":"default","site-sidebar-style":"default","ast-global-header-display":"","ast-banner-title-visibility":"","ast-main-header-display":"","ast-hfb-above-header-display":"","ast-hfb-below-header-display":"","ast-hfb-mobile-header-display":"","site-post-title":"disabled","ast-breadcrumbs-content":"","ast-featured-img":"disabled","footer-sml-layout":"","theme-transparent-header-meta":"","adv-header-id-meta":"","stick-header-meta":"","header-above-stick-meta":"","header-main-stick-meta":"","header-below-stick-meta":"","astra-migrate-meta-layouts":"default","ast-page-background-enabled":"default","ast-page-background-meta":{"desktop":{"background-color":"var(--ast-global-color-4)","background-image":"","background-repeat":"repeat","background-position":"center center","background-size":"auto","background-attachment":"scroll","background-type":"","background-media":"","overlay-type":"","overlay-color":"","overlay-opacity":"","overlay-gradient":""},"tablet":{"background-color":"","background-image":"","background-repeat":"repeat","background-position":"center center","background-size":"auto","background-attachment":"scroll","background-type":"","background-media":"","overlay-type":"","overlay-color":"","overlay-opacity":"","overlay-gradient":""},"mobile":{"background-color":"","background-image":"","background-repeat":"repeat","background-position":"center center","background-size":"auto","background-attachment":"scroll","background-type":"","background-media":"","overlay-type":"","overlay-color":"","overlay-opacity":"","overlay-gradient":""}},"ast-content-background-meta":{"desktop":{"background-color":"var(--ast-global-color-5)","background-image":"","background-repeat":"repeat","background-position":"center center","background-size":"auto","background-attachment":"scroll","background-type":"","background-media":"","overlay-type":"","overlay-color":"","overlay-opacity":"","overlay-gradient":""},"tablet":{"background-color":"var(--ast-global-color-5)","background-image":"","background-repeat":"repeat","background-position":"center center","background-size":"auto","background-attachment":"scroll","background-type":"","background-media":"","overlay-type":"","overlay-color":"","overlay-opacity":"","overlay-gradient":""},"mobile":{"background-color":"var(--ast-global-color-5)","background-image":"","background-repeat":"repeat","background-position":"center center","background-size":"auto","background-attachment":"scroll","background-type":"","background-media":"","overlay-type":"","overlay-color":"","overlay-opacity":"","overlay-gradient":""}},"footnotes":""},"yoast_head":"<!-- This site is optimized with the Yoast SEO plugin v22.9 - https:\/\/yoast.com\/wordpress\/plugins\/seo\/ -->\n<title>Conditions G\u00e9n\u00e9rales de Ventes de T\u00eate d&#039;Affiche<\/title>\n<meta name=\"robots\" content=\"index, follow, max-snippet:-1, max-image-preview:large, max-video-preview:-1\" \/>\n<link rel=\"canonical\" href=\"https:\/\/tetedafficheshop.com\/index.php\/nos-conditions-generales-de-ventes\/\" \/>\n<meta property=\"og:locale\" content=\"fr_FR\" \/>\n<meta property=\"og:type\" content=\"article\" \/>\n<meta property=\"og:title\" content=\"Conditions G\u00e9n\u00e9rales de Ventes de T\u00eate d&#039;Affiche\" \/>\n<meta property=\"og:description\" content=\"NOS CONDITIONS G\u00c9N\u00c9RALES DE VENTES \u00a0 ARTICLE 1 &#8211; CLIENT La personne qui proc\u00e8de \u00e0 l&rsquo;achat en ligne sur le site www.tetedafficheshop.com d\u00e9clare \u00eatre majeure au sens l\u00e9gal du pays dans lequel il r\u00e9side, et avoir la capacit\u00e9 juridique ou \u00eatre titulaire d\u2019une autorisation parentale lui permettant d\u2019effectuer une commande sur le Site. Lors de [&hellip;]\" \/>\n<meta property=\"og:url\" content=\"https:\/\/tetedafficheshop.com\/index.php\/nos-conditions-generales-de-ventes\/\" \/>\n<meta property=\"og:site_name\" content=\"T\u00eate d&#039;Affiche\" \/>\n<meta property=\"article:modified_time\" content=\"2024-04-17T10:40:37+00:00\" \/>\n<meta name=\"twitter:card\" content=\"summary_large_image\" \/>\n<meta name=\"twitter:label1\" content=\"Dur\u00e9e de lecture estim\u00e9e\" \/>\n\t<meta name=\"twitter:data1\" content=\"6 minutes\" \/>\n<script type=\"application\/ld+json\" class=\"yoast-schema-graph\">{\"@context\":\"https:\/\/schema.org\",\"@graph\":[{\"@type\":\"WebPage\",\"@id\":\"https:\/\/tetedafficheshop.com\/index.php\/nos-conditions-generales-de-ventes\/\",\"url\":\"https:\/\/tetedafficheshop.com\/index.php\/nos-conditions-generales-de-ventes\/\",\"name\":\"Conditions G\u00e9n\u00e9rales de Ventes de T\u00eate d'Affiche\",\"isPartOf\":{\"@id\":\"https:\/\/tetedafficheshop.com\/#website\"},\"datePublished\":\"2024-04-17T10:22:36+00:00\",\"dateModified\":\"2024-04-17T10:40:37+00:00\",\"breadcrumb\":{\"@id\":\"https:\/\/tetedafficheshop.com\/index.php\/nos-conditions-generales-de-ventes\/#breadcrumb\"},\"inLanguage\":\"fr-FR\",\"potentialAction\":[{\"@type\":\"ReadAction\",\"target\":[\"https:\/\/tetedafficheshop.com\/index.php\/nos-conditions-generales-de-ventes\/\"]}]},{\"@type\":\"BreadcrumbList\",\"@id\":\"https:\/\/tetedafficheshop.com\/index.php\/nos-conditions-generales-de-ventes\/#breadcrumb\",\"itemListElement\":[{\"@type\":\"ListItem\",\"position\":1,\"name\":\"Accueil\",\"item\":\"https:\/\/tetedafficheshop.com\/\"},{\"@type\":\"ListItem\",\"position\":2,\"name\":\"Nos conditions G\u00e9n\u00e9rales de Ventes\"}]},{\"@type\":\"WebSite\",\"@id\":\"https:\/\/tetedafficheshop.com\/#website\",\"url\":\"https:\/\/tetedafficheshop.com\/\",\"name\":\"T\u00eate d&#039;Affiche\",\"description\":\"\",\"publisher\":{\"@id\":\"https:\/\/tetedafficheshop.com\/#organization\"},\"potentialAction\":[{\"@type\":\"SearchAction\",\"target\":{\"@type\":\"EntryPoint\",\"urlTemplate\":\"https:\/\/tetedafficheshop.com\/?s={search_term_string}\"},\"query-input\":\"required name=search_term_string\"}],\"inLanguage\":\"fr-FR\"},{\"@type\":\"Organization\",\"@id\":\"https:\/\/tetedafficheshop.com\/#organization\",\"name\":\"T\u00eate d'Affiche\",\"url\":\"https:\/\/tetedafficheshop.com\/\",\"logo\":{\"@type\":\"ImageObject\",\"inLanguage\":\"fr-FR\",\"@id\":\"https:\/\/tetedafficheshop.com\/#\/schema\/logo\/image\/\",\"url\":\"https:\/\/tetedafficheshop.com\/wp-content\/uploads\/2023\/06\/tete_daffiche.jpg\",\"contentUrl\":\"https:\/\/tetedafficheshop.com\/wp-content\/uploads\/2023\/06\/tete_daffiche.jpg\",\"width\":150,\"height\":150,\"caption\":\"T\u00eate d'Affiche\"},\"image\":{\"@id\":\"https:\/\/tetedafficheshop.com\/#\/schema\/logo\/image\/\"},\"sameAs\":[\"https:\/\/www.instagram.com\/tetedafficheshop\/\"]}]}<\/script>\n<!-- \/ Yoast SEO plugin. -->","yoast_head_json":{"title":"Conditions G\u00e9n\u00e9rales de Ventes de T\u00eate d'Affiche","robots":{"index":"index","follow":"follow","max-snippet":"max-snippet:-1","max-image-preview":"max-image-preview:large","max-video-preview":"max-video-preview:-1"},"canonical":"https:\/\/tetedafficheshop.com\/index.php\/nos-conditions-generales-de-ventes\/","og_locale":"fr_FR","og_type":"article","og_title":"Conditions G\u00e9n\u00e9rales de Ventes de T\u00eate d'Affiche","og_description":"NOS CONDITIONS G\u00c9N\u00c9RALES DE VENTES \u00a0 ARTICLE 1 &#8211; CLIENT La personne qui proc\u00e8de \u00e0 l&rsquo;achat en ligne sur le site www.tetedafficheshop.com d\u00e9clare \u00eatre majeure au sens l\u00e9gal du pays dans lequel il r\u00e9side, et avoir la capacit\u00e9 juridique ou \u00eatre titulaire d\u2019une autorisation parentale lui permettant d\u2019effectuer une commande sur le Site. Lors de [&hellip;]","og_url":"https:\/\/tetedafficheshop.com\/index.php\/nos-conditions-generales-de-ventes\/","og_site_name":"T\u00eate d&#039;Affiche","article_modified_time":"2024-04-17T10:40:37+00:00","twitter_card":"summary_large_image","twitter_misc":{"Dur\u00e9e de lecture estim\u00e9e":"6 minutes"},"schema":{"@context":"https:\/\/schema.org","@graph":[{"@type":"WebPage","@id":"https:\/\/tetedafficheshop.com\/index.php\/nos-conditions-generales-de-ventes\/","url":"https:\/\/tetedafficheshop.com\/index.php\/nos-conditions-generales-de-ventes\/","name":"Conditions G\u00e9n\u00e9rales de Ventes de T\u00eate d'Affiche","isPartOf":{"@id":"https:\/\/tetedafficheshop.com\/#website"},"datePublished":"2024-04-17T10:22:36+00:00","dateModified":"2024-04-17T10:40:37+00:00","breadcrumb":{"@id":"https:\/\/tetedafficheshop.com\/index.php\/nos-conditions-generales-de-ventes\/#breadcrumb"},"inLanguage":"fr-FR","potentialAction":[{"@type":"ReadAction","target":["https:\/\/tetedafficheshop.com\/index.php\/nos-conditions-generales-de-ventes\/"]}]},{"@type":"BreadcrumbList","@id":"https:\/\/tetedafficheshop.com\/index.php\/nos-conditions-generales-de-ventes\/#breadcrumb","itemListElement":[{"@type":"ListItem","position":1,"name":"Accueil","item":"https:\/\/tetedafficheshop.com\/"},{"@type":"ListItem","position":2,"name":"Nos conditions G\u00e9n\u00e9rales de Ventes"}]},{"@type":"WebSite","@id":"https:\/\/tetedafficheshop.com\/#website","url":"https:\/\/tetedafficheshop.com\/","name":"T\u00eate d&#039;Affiche","description":"","publisher":{"@id":"https:\/\/tetedafficheshop.com\/#organization"},"potentialAction":[{"@type":"SearchAction","target":{"@type":"EntryPoint","urlTemplate":"https:\/\/tetedafficheshop.com\/?s={search_term_string}"},"query-input":"required name=search_term_string"}],"inLanguage":"fr-FR"},{"@type":"Organization","@id":"https:\/\/tetedafficheshop.com\/#organization","name":"T\u00eate d'Affiche","url":"https:\/\/tetedafficheshop.com\/","logo":{"@type":"ImageObject","inLanguage":"fr-FR","@id":"https:\/\/tetedafficheshop.com\/#\/schema\/logo\/image\/","url":"https:\/\/tetedafficheshop.com\/wp-content\/uploads\/2023\/06\/tete_daffiche.jpg","contentUrl":"https:\/\/tetedafficheshop.com\/wp-content\/uploads\/2023\/06\/tete_daffiche.jpg","width":150,"height":150,"caption":"T\u00eate d'Affiche"},"image":{"@id":"https:\/\/tetedafficheshop.com\/#\/schema\/logo\/image\/"},"sameAs":["https:\/\/www.instagram.com\/tetedafficheshop\/"]}]}},"jetpack_sharing_enabled":true,"_links":{"self":[{"href":"https:\/\/tetedafficheshop.com\/index.php\/wp-json\/wp\/v2\/pages\/2281"}],"collection":[{"href":"https:\/\/tetedafficheshop.com\/index.php\/wp-json\/wp\/v2\/pages"}],"about":[{"href":"https:\/\/tetedafficheshop.com\/index.php\/wp-json\/wp\/v2\/types\/page"}],"author":[{"embeddable":true,"href":"https:\/\/tetedafficheshop.com\/index.php\/wp-json\/wp\/v2\/users\/1"}],"replies":[{"embeddable":true,"href":"https:\/\/tetedafficheshop.com\/index.php\/wp-json\/wp\/v2\/comments?post=2281"}],"version-history":[{"count":11,"href":"https:\/\/tetedafficheshop.com\/index.php\/wp-json\/wp\/v2\/pages\/2281\/revisions"}],"predecessor-version":[{"id":2294,"href":"https:\/\/tetedafficheshop.com\/index.php\/wp-json\/wp\/v2\/pages\/2281\/revisions\/2294"}],"wp:attachment":[{"href":"https:\/\/tetedafficheshop.com\/index.php\/wp-json\/wp\/v2\/media?parent=2281"}],"curies":[{"name":"wp","href":"https:\/\/api.w.org\/{rel}","templated":true}]}}