{"id":2269,"date":"2024-04-17T12:12:27","date_gmt":"2024-04-17T10:12:27","guid":{"rendered":"https:\/\/tetedafficheshop.com\/?page_id=2269"},"modified":"2024-04-17T12:20:56","modified_gmt":"2024-04-17T10:20:56","slug":"mentions-legales","status":"publish","type":"page","link":"https:\/\/tetedafficheshop.com\/index.php\/mentions-legales\/","title":{"rendered":"Mentions L\u00e9gales &#8211; T\u00eate d&rsquo;Affiche"},"content":{"rendered":"\t\t<div data-elementor-type=\"wp-page\" data-elementor-id=\"2269\" class=\"elementor elementor-2269\" data-elementor-post-type=\"page\">\n\t\t\t\t\t\t<section class=\"elementor-section elementor-top-section elementor-element elementor-element-305195f elementor-section-boxed elementor-section-height-default elementor-section-height-default\" data-id=\"305195f\" data-element_type=\"section\">\n\t\t\t\t\t\t<div class=\"elementor-container elementor-column-gap-default\">\n\t\t\t\t\t<div class=\"elementor-column elementor-col-100 elementor-top-column elementor-element elementor-element-bc58b3e\" data-id=\"bc58b3e\" data-element_type=\"column\">\n\t\t\t<div class=\"elementor-widget-wrap elementor-element-populated\">\n\t\t\t\t\t\t<div class=\"elementor-element elementor-element-a435fc1 elementor-widget elementor-widget-heading\" data-id=\"a435fc1\" data-element_type=\"widget\" data-widget_type=\"heading.default\">\n\t\t\t\t<div class=\"elementor-widget-container\">\n\t\t\t<style>\/*! elementor - v3.22.0 - 17-06-2024 *\/\n.elementor-heading-title{padding:0;margin:0;line-height:1}.elementor-widget-heading .elementor-heading-title[class*=elementor-size-]>a{color:inherit;font-size:inherit;line-height:inherit}.elementor-widget-heading .elementor-heading-title.elementor-size-small{font-size:15px}.elementor-widget-heading .elementor-heading-title.elementor-size-medium{font-size:19px}.elementor-widget-heading .elementor-heading-title.elementor-size-large{font-size:29px}.elementor-widget-heading .elementor-heading-title.elementor-size-xl{font-size:39px}.elementor-widget-heading .elementor-heading-title.elementor-size-xxl{font-size:59px}<\/style><h1 class=\"elementor-heading-title elementor-size-default\">Mentions L\u00e9gales<\/h1>\t\t<\/div>\n\t\t\t\t<\/div>\n\t\t\t\t\t<\/div>\n\t\t<\/div>\n\t\t\t\t\t<\/div>\n\t\t<\/section>\n\t\t\t\t<section class=\"elementor-section elementor-top-section elementor-element elementor-element-5a4939c elementor-section-boxed elementor-section-height-default elementor-section-height-default\" data-id=\"5a4939c\" data-element_type=\"section\">\n\t\t\t\t\t\t<div class=\"elementor-container elementor-column-gap-default\">\n\t\t\t\t\t<div class=\"elementor-column elementor-col-100 elementor-top-column elementor-element elementor-element-a17f7d5\" data-id=\"a17f7d5\" data-element_type=\"column\">\n\t\t\t<div class=\"elementor-widget-wrap elementor-element-populated\">\n\t\t\t\t\t\t<div class=\"elementor-element elementor-element-d1b5991 elementor-widget elementor-widget-text-editor\" data-id=\"d1b5991\" data-element_type=\"widget\" data-widget_type=\"text-editor.default\">\n\t\t\t\t<div class=\"elementor-widget-container\">\n\t\t\t<style>\/*! elementor - v3.22.0 - 17-06-2024 *\/\n.elementor-widget-text-editor.elementor-drop-cap-view-stacked .elementor-drop-cap{background-color:#69727d;color:#fff}.elementor-widget-text-editor.elementor-drop-cap-view-framed .elementor-drop-cap{color:#69727d;border:3px solid;background-color:transparent}.elementor-widget-text-editor:not(.elementor-drop-cap-view-default) .elementor-drop-cap{margin-top:8px}.elementor-widget-text-editor:not(.elementor-drop-cap-view-default) .elementor-drop-cap-letter{width:1em;height:1em}.elementor-widget-text-editor .elementor-drop-cap{float:left;text-align:center;line-height:1;font-size:50px}.elementor-widget-text-editor .elementor-drop-cap-letter{display:inline-block}<\/style>\t\t\t\t<p>L\u2019\u00e9diteur du site https:\/\/www.tetedafficheshop.com est : EURL TETE D\u2019AFFICHE<\/p><p>Soci\u00e9t\u00e9 \u00e0 responsabilit\u00e9 limit\u00e9e de 5.000 \u20ac<\/p><p>Si\u00e8ge Social : 12 rue Gambetta, 57000 METZ, FRANCE<\/p><p>E-mail : tetedafficheshop@gmail.com<\/p><p>TVA intra communautaire : FR87915362156<\/p><p>R.C.S Metz B 915 362 156<\/p>\t\t\t\t\t\t<\/div>\n\t\t\t\t<\/div>\n\t\t\t\t\t<\/div>\n\t\t<\/div>\n\t\t\t\t\t<\/div>\n\t\t<\/section>\n\t\t\t\t<\/div>\n\t\t","protected":false},"excerpt":{"rendered":"<p>Mentions L\u00e9gales L\u2019\u00e9diteur du site https:\/\/www.tetedafficheshop.com est : EURL TETE D\u2019AFFICHE Soci\u00e9t\u00e9 \u00e0 responsabilit\u00e9 limit\u00e9e de 5.000 \u20ac Si\u00e8ge Social : 12 rue Gambetta, 57000 METZ, FRANCE E-mail : tetedafficheshop@gmail.com TVA intra communautaire : FR87915362156 R.C.S Metz B 915 362 156<\/p>\n","protected":false},"author":1,"featured_media":0,"parent":0,"menu_order":0,"comment_status":"closed","ping_status":"closed","template":"","meta":{"_monsterinsights_skip_tracking":false,"_monsterinsights_sitenote_active":false,"_monsterinsights_sitenote_note":"","_monsterinsights_sitenote_category":0,"site-sidebar-layout":"no-sidebar","site-content-layout":"page-builder","ast-site-content-layout":"","site-content-style":"default","site-sidebar-style":"default","ast-global-header-display":"","ast-banner-title-visibility":"","ast-main-header-display":"","ast-hfb-above-header-display":"","ast-hfb-below-header-display":"","ast-hfb-mobile-header-display":"","site-post-title":"disabled","ast-breadcrumbs-content":"","ast-featured-img":"disabled","footer-sml-layout":"","theme-transparent-header-meta":"","adv-header-id-meta":"","stick-header-meta":"","header-above-stick-meta":"","header-main-stick-meta":"","header-below-stick-meta":"","astra-migrate-meta-layouts":"default","ast-page-background-enabled":"default","ast-page-background-meta":{"desktop":{"background-color":"var(--ast-global-color-4)","background-image":"","background-repeat":"repeat","background-position":"center center","background-size":"auto","background-attachment":"scroll","background-type":"","background-media":"","overlay-type":"","overlay-color":"","overlay-opacity":"","overlay-gradient":""},"tablet":{"background-color":"","background-image":"","background-repeat":"repeat","background-position":"center center","background-size":"auto","background-attachment":"scroll","background-type":"","background-media":"","overlay-type":"","overlay-color":"","overlay-opacity":"","overlay-gradient":""},"mobile":{"background-color":"","background-image":"","background-repeat":"repeat","background-position":"center center","background-size":"auto","background-attachment":"scroll","background-type":"","background-media":"","overlay-type":"","overlay-color":"","overlay-opacity":"","overlay-gradient":""}},"ast-content-background-meta":{"desktop":{"background-color":"var(--ast-global-color-5)","background-image":"","background-repeat":"repeat","background-position":"center center","background-size":"auto","background-attachment":"scroll","background-type":"","background-media":"","overlay-type":"","overlay-color":"","overlay-opacity":"","overlay-gradient":""},"tablet":{"background-color":"var(--ast-global-color-5)","background-image":"","background-repeat":"repeat","background-position":"center center","background-size":"auto","background-attachment":"scroll","background-type":"","background-media":"","overlay-type":"","overlay-color":"","overlay-opacity":"","overlay-gradient":""},"mobile":{"background-color":"var(--ast-global-color-5)","background-image":"","background-repeat":"repeat","background-position":"center center","background-size":"auto","background-attachment":"scroll","background-type":"","background-media":"","overlay-type":"","overlay-color":"","overlay-opacity":"","overlay-gradient":""}},"footnotes":""},"yoast_head":"<!-- This site is optimized with the Yoast SEO plugin v22.9 - https:\/\/yoast.com\/wordpress\/plugins\/seo\/ -->\n<title>Mentions L\u00e9gales<\/title>\n<meta name=\"robots\" content=\"index, follow, max-snippet:-1, max-image-preview:large, max-video-preview:-1\" \/>\n<link rel=\"canonical\" href=\"https:\/\/tetedafficheshop.com\/index.php\/mentions-legales\/\" \/>\n<meta property=\"og:locale\" content=\"fr_FR\" \/>\n<meta property=\"og:type\" content=\"article\" \/>\n<meta property=\"og:title\" content=\"Mentions L\u00e9gales\" \/>\n<meta property=\"og:description\" content=\"Mentions L\u00e9gales L\u2019\u00e9diteur du site https:\/\/www.tetedafficheshop.com est : EURL TETE D\u2019AFFICHE Soci\u00e9t\u00e9 \u00e0 responsabilit\u00e9 limit\u00e9e de 5.000 \u20ac Si\u00e8ge Social : 12 rue Gambetta, 57000 METZ, FRANCE E-mail : tetedafficheshop@gmail.com TVA intra communautaire : FR87915362156 R.C.S Metz B 915 362 156\" \/>\n<meta property=\"og:url\" content=\"https:\/\/tetedafficheshop.com\/index.php\/mentions-legales\/\" \/>\n<meta property=\"og:site_name\" content=\"T\u00eate d&#039;Affiche\" \/>\n<meta property=\"article:modified_time\" content=\"2024-04-17T10:20:56+00:00\" \/>\n<meta name=\"twitter:card\" content=\"summary_large_image\" \/>\n<meta name=\"twitter:label1\" content=\"Dur\u00e9e de lecture estim\u00e9e\" \/>\n\t<meta name=\"twitter:data1\" content=\"1 minute\" \/>\n<script type=\"application\/ld+json\" class=\"yoast-schema-graph\">{\"@context\":\"https:\/\/schema.org\",\"@graph\":[{\"@type\":\"WebPage\",\"@id\":\"https:\/\/tetedafficheshop.com\/index.php\/mentions-legales\/\",\"url\":\"https:\/\/tetedafficheshop.com\/index.php\/mentions-legales\/\",\"name\":\"Mentions L\u00e9gales\",\"isPartOf\":{\"@id\":\"https:\/\/tetedafficheshop.com\/#website\"},\"datePublished\":\"2024-04-17T10:12:27+00:00\",\"dateModified\":\"2024-04-17T10:20:56+00:00\",\"breadcrumb\":{\"@id\":\"https:\/\/tetedafficheshop.com\/index.php\/mentions-legales\/#breadcrumb\"},\"inLanguage\":\"fr-FR\",\"potentialAction\":[{\"@type\":\"ReadAction\",\"target\":[\"https:\/\/tetedafficheshop.com\/index.php\/mentions-legales\/\"]}]},{\"@type\":\"BreadcrumbList\",\"@id\":\"https:\/\/tetedafficheshop.com\/index.php\/mentions-legales\/#breadcrumb\",\"itemListElement\":[{\"@type\":\"ListItem\",\"position\":1,\"name\":\"Accueil\",\"item\":\"https:\/\/tetedafficheshop.com\/\"},{\"@type\":\"ListItem\",\"position\":2,\"name\":\"Mentions L\u00e9gales &#8211; T\u00eate d&#8217;Affiche\"}]},{\"@type\":\"WebSite\",\"@id\":\"https:\/\/tetedafficheshop.com\/#website\",\"url\":\"https:\/\/tetedafficheshop.com\/\",\"name\":\"T\u00eate d&#039;Affiche\",\"description\":\"\",\"publisher\":{\"@id\":\"https:\/\/tetedafficheshop.com\/#organization\"},\"potentialAction\":[{\"@type\":\"SearchAction\",\"target\":{\"@type\":\"EntryPoint\",\"urlTemplate\":\"https:\/\/tetedafficheshop.com\/?s={search_term_string}\"},\"query-input\":\"required name=search_term_string\"}],\"inLanguage\":\"fr-FR\"},{\"@type\":\"Organization\",\"@id\":\"https:\/\/tetedafficheshop.com\/#organization\",\"name\":\"T\u00eate d'Affiche\",\"url\":\"https:\/\/tetedafficheshop.com\/\",\"logo\":{\"@type\":\"ImageObject\",\"inLanguage\":\"fr-FR\",\"@id\":\"https:\/\/tetedafficheshop.com\/#\/schema\/logo\/image\/\",\"url\":\"https:\/\/tetedafficheshop.com\/wp-content\/uploads\/2023\/06\/tete_daffiche.jpg\",\"contentUrl\":\"https:\/\/tetedafficheshop.com\/wp-content\/uploads\/2023\/06\/tete_daffiche.jpg\",\"width\":150,\"height\":150,\"caption\":\"T\u00eate d'Affiche\"},\"image\":{\"@id\":\"https:\/\/tetedafficheshop.com\/#\/schema\/logo\/image\/\"},\"sameAs\":[\"https:\/\/www.instagram.com\/tetedafficheshop\/\"]}]}<\/script>\n<!-- \/ Yoast SEO plugin. -->","yoast_head_json":{"title":"Mentions L\u00e9gales","robots":{"index":"index","follow":"follow","max-snippet":"max-snippet:-1","max-image-preview":"max-image-preview:large","max-video-preview":"max-video-preview:-1"},"canonical":"https:\/\/tetedafficheshop.com\/index.php\/mentions-legales\/","og_locale":"fr_FR","og_type":"article","og_title":"Mentions L\u00e9gales","og_description":"Mentions L\u00e9gales L\u2019\u00e9diteur du site https:\/\/www.tetedafficheshop.com est : EURL TETE D\u2019AFFICHE Soci\u00e9t\u00e9 \u00e0 responsabilit\u00e9 limit\u00e9e de 5.000 \u20ac Si\u00e8ge Social : 12 rue Gambetta, 57000 METZ, FRANCE E-mail : tetedafficheshop@gmail.com TVA intra communautaire : FR87915362156 R.C.S Metz B 915 362 156","og_url":"https:\/\/tetedafficheshop.com\/index.php\/mentions-legales\/","og_site_name":"T\u00eate d&#039;Affiche","article_modified_time":"2024-04-17T10:20:56+00:00","twitter_card":"summary_large_image","twitter_misc":{"Dur\u00e9e de lecture estim\u00e9e":"1 minute"},"schema":{"@context":"https:\/\/schema.org","@graph":[{"@type":"WebPage","@id":"https:\/\/tetedafficheshop.com\/index.php\/mentions-legales\/","url":"https:\/\/tetedafficheshop.com\/index.php\/mentions-legales\/","name":"Mentions L\u00e9gales","isPartOf":{"@id":"https:\/\/tetedafficheshop.com\/#website"},"datePublished":"2024-04-17T10:12:27+00:00","dateModified":"2024-04-17T10:20:56+00:00","breadcrumb":{"@id":"https:\/\/tetedafficheshop.com\/index.php\/mentions-legales\/#breadcrumb"},"inLanguage":"fr-FR","potentialAction":[{"@type":"ReadAction","target":["https:\/\/tetedafficheshop.com\/index.php\/mentions-legales\/"]}]},{"@type":"BreadcrumbList","@id":"https:\/\/tetedafficheshop.com\/index.php\/mentions-legales\/#breadcrumb","itemListElement":[{"@type":"ListItem","position":1,"name":"Accueil","item":"https:\/\/tetedafficheshop.com\/"},{"@type":"ListItem","position":2,"name":"Mentions L\u00e9gales &#8211; T\u00eate d&#8217;Affiche"}]},{"@type":"WebSite","@id":"https:\/\/tetedafficheshop.com\/#website","url":"https:\/\/tetedafficheshop.com\/","name":"T\u00eate d&#039;Affiche","description":"","publisher":{"@id":"https:\/\/tetedafficheshop.com\/#organization"},"potentialAction":[{"@type":"SearchAction","target":{"@type":"EntryPoint","urlTemplate":"https:\/\/tetedafficheshop.com\/?s={search_term_string}"},"query-input":"required name=search_term_string"}],"inLanguage":"fr-FR"},{"@type":"Organization","@id":"https:\/\/tetedafficheshop.com\/#organization","name":"T\u00eate d'Affiche","url":"https:\/\/tetedafficheshop.com\/","logo":{"@type":"ImageObject","inLanguage":"fr-FR","@id":"https:\/\/tetedafficheshop.com\/#\/schema\/logo\/image\/","url":"https:\/\/tetedafficheshop.com\/wp-content\/uploads\/2023\/06\/tete_daffiche.jpg","contentUrl":"https:\/\/tetedafficheshop.com\/wp-content\/uploads\/2023\/06\/tete_daffiche.jpg","width":150,"height":150,"caption":"T\u00eate d'Affiche"},"image":{"@id":"https:\/\/tetedafficheshop.com\/#\/schema\/logo\/image\/"},"sameAs":["https:\/\/www.instagram.com\/tetedafficheshop\/"]}]}},"jetpack_sharing_enabled":true,"_links":{"self":[{"href":"https:\/\/tetedafficheshop.com\/index.php\/wp-json\/wp\/v2\/pages\/2269"}],"collection":[{"href":"https:\/\/tetedafficheshop.com\/index.php\/wp-json\/wp\/v2\/pages"}],"about":[{"href":"https:\/\/tetedafficheshop.com\/index.php\/wp-json\/wp\/v2\/types\/page"}],"author":[{"embeddable":true,"href":"https:\/\/tetedafficheshop.com\/index.php\/wp-json\/wp\/v2\/users\/1"}],"replies":[{"embeddable":true,"href":"https:\/\/tetedafficheshop.com\/index.php\/wp-json\/wp\/v2\/comments?post=2269"}],"version-history":[{"count":8,"href":"https:\/\/tetedafficheshop.com\/index.php\/wp-json\/wp\/v2\/pages\/2269\/revisions"}],"predecessor-version":[{"id":2280,"href":"https:\/\/tetedafficheshop.com\/index.php\/wp-json\/wp\/v2\/pages\/2269\/revisions\/2280"}],"wp:attachment":[{"href":"https:\/\/tetedafficheshop.com\/index.php\/wp-json\/wp\/v2\/media?parent=2269"}],"curies":[{"name":"wp","href":"https:\/\/api.w.org\/{rel}","templated":true}]}}