{"id":1909,"date":"2023-10-27T18:39:18","date_gmt":"2023-10-27T16:39:18","guid":{"rendered":"https:\/\/tetedafficheshop.com\/?page_id=1909"},"modified":"2024-04-16T22:23:48","modified_gmt":"2024-04-16T20:23:48","slug":"about-us","status":"publish","type":"page","link":"https:\/\/tetedafficheshop.com\/index.php\/about-us\/","title":{"rendered":"About Us"},"content":{"rendered":"\t\t<div data-elementor-type=\"wp-page\" data-elementor-id=\"1909\" class=\"elementor elementor-1909\" data-elementor-post-type=\"page\">\n\t\t\t\t\t\t<section class=\"elementor-section elementor-top-section elementor-element elementor-element-e3b6210 elementor-section-boxed elementor-section-height-default elementor-section-height-default\" data-id=\"e3b6210\" data-element_type=\"section\">\n\t\t\t\t\t\t<div class=\"elementor-container elementor-column-gap-default\">\n\t\t\t\t\t<div class=\"elementor-column elementor-col-50 elementor-top-column elementor-element elementor-element-43f9b71\" data-id=\"43f9b71\" data-element_type=\"column\">\n\t\t\t<div class=\"elementor-widget-wrap elementor-element-populated\">\n\t\t\t\t\t\t<div class=\"elementor-element elementor-element-174897b elementor-widget elementor-widget-heading\" data-id=\"174897b\" data-element_type=\"widget\" data-widget_type=\"heading.default\">\n\t\t\t\t<div class=\"elementor-widget-container\">\n\t\t\t<style>\/*! elementor - v3.22.0 - 17-06-2024 *\/\n.elementor-heading-title{padding:0;margin:0;line-height:1}.elementor-widget-heading .elementor-heading-title[class*=elementor-size-]>a{color:inherit;font-size:inherit;line-height:inherit}.elementor-widget-heading .elementor-heading-title.elementor-size-small{font-size:15px}.elementor-widget-heading .elementor-heading-title.elementor-size-medium{font-size:19px}.elementor-widget-heading .elementor-heading-title.elementor-size-large{font-size:29px}.elementor-widget-heading .elementor-heading-title.elementor-size-xl{font-size:39px}.elementor-widget-heading .elementor-heading-title.elementor-size-xxl{font-size:59px}<\/style><h3 class=\"elementor-heading-title elementor-size-default\">T\u00eate d'Affiche c'est quoi ?<\/h3>\t\t<\/div>\n\t\t\t\t<\/div>\n\t\t\t\t<div class=\"elementor-element elementor-element-7fb47f4 elementor-widget elementor-widget-text-editor\" data-id=\"7fb47f4\" data-element_type=\"widget\" data-widget_type=\"text-editor.default\">\n\t\t\t\t<div class=\"elementor-widget-container\">\n\t\t\t<style>\/*! elementor - v3.22.0 - 17-06-2024 *\/\n.elementor-widget-text-editor.elementor-drop-cap-view-stacked .elementor-drop-cap{background-color:#69727d;color:#fff}.elementor-widget-text-editor.elementor-drop-cap-view-framed .elementor-drop-cap{color:#69727d;border:3px solid;background-color:transparent}.elementor-widget-text-editor:not(.elementor-drop-cap-view-default) .elementor-drop-cap{margin-top:8px}.elementor-widget-text-editor:not(.elementor-drop-cap-view-default) .elementor-drop-cap-letter{width:1em;height:1em}.elementor-widget-text-editor .elementor-drop-cap{float:left;text-align:center;line-height:1;font-size:50px}.elementor-widget-text-editor .elementor-drop-cap-letter{display:inline-block}<\/style>\t\t\t\t<p>Au d\u00e9part T\u00eate d\u2019affiche c\u2019est une boutique \u00e0 Metz, r\u00e9f\u00e9ren\u00e7ant plus d\u2019une centaine d\u2019artistes d\u2019Europe. L\u2019identit\u00e9 de T\u00eate d\u2019affiche\u00a0? Une ambiance color\u00e9e, de la gaiet\u00e9 et du smile\u00a0!<\/p><p>Situ\u00e9e au 12 rue Gambetta \u00e0 Metz, T\u00eate d\u2019affiche n\u2019est pas uniquement une boutique d\u2019illustrations\u00a0: il y a aussi des \u00e9v\u00e9nements organis\u00e9s tels que des march\u00e9s de cr\u00e9ateurs, toujours dans l\u2019objectif de mettre en lumi\u00e8re des artistes de tous horizons.<\/p><p>Depuis peu, T\u00eate d\u2019affiche est devenu \u00e9galement le lieu pour chiner les meilleures fripes. En effet, une partie de la boutique est consacr\u00e9e \u00e0 une collection de v\u00eatements vintage pour tous (m\u00eame les petits\u00a0!)<\/p><p>Enfin, un troisi\u00e8me espace cr\u00e9atif a \u00e9t\u00e9 am\u00e9nag\u00e9 pour accueillir des cr\u00e9ateurs et artistes souhaitant travailler dans un espace partag\u00e9.<\/p>\t\t\t\t\t\t<\/div>\n\t\t\t\t<\/div>\n\t\t\t\t\t<\/div>\n\t\t<\/div>\n\t\t\t\t<div class=\"elementor-column elementor-col-50 elementor-top-column elementor-element elementor-element-c65fb47\" data-id=\"c65fb47\" data-element_type=\"column\">\n\t\t\t<div class=\"elementor-widget-wrap elementor-element-populated\">\n\t\t\t\t\t\t<div class=\"elementor-element elementor-element-2a77583 elementor-widget elementor-widget-image\" data-id=\"2a77583\" data-element_type=\"widget\" data-widget_type=\"image.default\">\n\t\t\t\t<div class=\"elementor-widget-container\">\n\t\t\t<style>\/*! elementor - v3.22.0 - 17-06-2024 *\/\n.elementor-widget-image{text-align:center}.elementor-widget-image a{display:inline-block}.elementor-widget-image a img[src$=\".svg\"]{width:48px}.elementor-widget-image img{vertical-align:middle;display:inline-block}<\/style>\t\t\t\t\t\t\t\t\t\t<img fetchpriority=\"high\" decoding=\"async\" width=\"1024\" height=\"683\" src=\"https:\/\/tetedafficheshop.com\/wp-content\/uploads\/2024\/01\/image00005-1024x683.jpg\" class=\"attachment-large size-large wp-image-2122\" alt=\"\" srcset=\"https:\/\/tetedafficheshop.com\/wp-content\/uploads\/2024\/01\/image00005-1024x683.jpg 1024w, https:\/\/tetedafficheshop.com\/wp-content\/uploads\/2024\/01\/image00005-300x200.jpg 300w, https:\/\/tetedafficheshop.com\/wp-content\/uploads\/2024\/01\/image00005-768x512.jpg 768w, https:\/\/tetedafficheshop.com\/wp-content\/uploads\/2024\/01\/image00005-1536x1024.jpg 1536w, https:\/\/tetedafficheshop.com\/wp-content\/uploads\/2024\/01\/image00005-2048x1365.jpg 2048w, https:\/\/tetedafficheshop.com\/wp-content\/uploads\/2024\/01\/image00005-600x400.jpg 600w\" sizes=\"(max-width: 1024px) 100vw, 1024px\" \/>\t\t\t\t\t\t\t\t\t\t\t\t\t<\/div>\n\t\t\t\t<\/div>\n\t\t\t\t\t<\/div>\n\t\t<\/div>\n\t\t\t\t\t<\/div>\n\t\t<\/section>\n\t\t\t\t<section class=\"elementor-section elementor-top-section elementor-element elementor-element-3247ab4 elementor-section-boxed elementor-section-height-default elementor-section-height-default\" data-id=\"3247ab4\" data-element_type=\"section\">\n\t\t\t\t\t\t<div class=\"elementor-container elementor-column-gap-default\">\n\t\t\t\t\t<div class=\"elementor-column elementor-col-50 elementor-top-column elementor-element elementor-element-64b8549\" data-id=\"64b8549\" data-element_type=\"column\">\n\t\t\t<div class=\"elementor-widget-wrap elementor-element-populated\">\n\t\t\t\t\t\t<div class=\"elementor-element elementor-element-9e3e94e elementor-widget__width-initial elementor-widget elementor-widget-image\" data-id=\"9e3e94e\" data-element_type=\"widget\" data-widget_type=\"image.default\">\n\t\t\t\t<div class=\"elementor-widget-container\">\n\t\t\t\t\t\t\t\t\t\t\t\t\t<img decoding=\"async\" width=\"1024\" height=\"683\" src=\"https:\/\/tetedafficheshop.com\/wp-content\/uploads\/2024\/01\/image00007-1024x683.jpg\" class=\"attachment-large size-large wp-image-2120\" alt=\"\" srcset=\"https:\/\/tetedafficheshop.com\/wp-content\/uploads\/2024\/01\/image00007-1024x683.jpg 1024w, https:\/\/tetedafficheshop.com\/wp-content\/uploads\/2024\/01\/image00007-300x200.jpg 300w, https:\/\/tetedafficheshop.com\/wp-content\/uploads\/2024\/01\/image00007-768x512.jpg 768w, https:\/\/tetedafficheshop.com\/wp-content\/uploads\/2024\/01\/image00007-1536x1024.jpg 1536w, https:\/\/tetedafficheshop.com\/wp-content\/uploads\/2024\/01\/image00007-2048x1365.jpg 2048w, https:\/\/tetedafficheshop.com\/wp-content\/uploads\/2024\/01\/image00007-600x400.jpg 600w\" sizes=\"(max-width: 1024px) 100vw, 1024px\" \/>\t\t\t\t\t\t\t\t\t\t\t\t\t<\/div>\n\t\t\t\t<\/div>\n\t\t\t\t\t<\/div>\n\t\t<\/div>\n\t\t\t\t<div class=\"elementor-column elementor-col-50 elementor-top-column elementor-element elementor-element-3930d93\" data-id=\"3930d93\" data-element_type=\"column\">\n\t\t\t<div class=\"elementor-widget-wrap elementor-element-populated\">\n\t\t\t\t\t\t<div class=\"elementor-element elementor-element-faa31f6 elementor-widget elementor-widget-heading\" data-id=\"faa31f6\" data-element_type=\"widget\" data-widget_type=\"heading.default\">\n\t\t\t\t<div class=\"elementor-widget-container\">\n\t\t\t<h3 class=\"elementor-heading-title elementor-size-default\">L'E-shop<\/h3>\t\t<\/div>\n\t\t\t\t<\/div>\n\t\t\t\t<div class=\"elementor-element elementor-element-34047f8 elementor-widget elementor-widget-heading\" data-id=\"34047f8\" data-element_type=\"widget\" data-widget_type=\"heading.default\">\n\t\t\t\t<div class=\"elementor-widget-container\">\n\t\t\t<div class=\"elementor-heading-title elementor-size-default\">Du concept de la boutique est n\u00e9e l\u2019envie de cr\u00e9er l\u2019e-shop afin de satisfaire la client\u00e8le \u00e0 plus grande \u00e9chelle, pour celles et ceux qui n\u2019ont pas la chance de pouvoir se d\u00e9placer \u00e0 Metz. Le d\u00e9sir de T\u00eate d\u2019affiche e-shop est de grandir et d\u2019offrir, dans un futur proche, une plus large s\u00e9lection. Vous trouverez sur le site une s\u00e9lection des illustrations de T\u00eate d\u2019affiche en s\u00e9rie limit\u00e9e.<\/div>\t\t<\/div>\n\t\t\t\t<\/div>\n\t\t\t\t\t<\/div>\n\t\t<\/div>\n\t\t\t\t\t<\/div>\n\t\t<\/section>\n\t\t\t\t<section class=\"elementor-section elementor-top-section elementor-element elementor-element-3839c2d elementor-section-boxed elementor-section-height-default elementor-section-height-default\" data-id=\"3839c2d\" data-element_type=\"section\">\n\t\t\t\t\t\t<div class=\"elementor-container elementor-column-gap-default\">\n\t\t\t\t\t<div class=\"elementor-column elementor-col-100 elementor-top-column elementor-element elementor-element-89df81f\" data-id=\"89df81f\" data-element_type=\"column\">\n\t\t\t<div class=\"elementor-widget-wrap elementor-element-populated\">\n\t\t\t\t\t\t<section class=\"elementor-section elementor-inner-section elementor-element elementor-element-0aa1704 elementor-section-boxed elementor-section-height-default elementor-section-height-default\" data-id=\"0aa1704\" data-element_type=\"section\">\n\t\t\t\t\t\t<div class=\"elementor-container elementor-column-gap-default\">\n\t\t\t\t\t<div class=\"elementor-column elementor-col-50 elementor-inner-column elementor-element elementor-element-7b2dd88\" data-id=\"7b2dd88\" data-element_type=\"column\">\n\t\t\t<div class=\"elementor-widget-wrap elementor-element-populated\">\n\t\t\t\t\t\t<div class=\"elementor-element elementor-element-a8addd0 elementor-widget elementor-widget-heading\" data-id=\"a8addd0\" data-element_type=\"widget\" data-widget_type=\"heading.default\">\n\t\t\t\t<div class=\"elementor-widget-container\">\n\t\t\t<h3 class=\"elementor-heading-title elementor-size-default\">Qui est \u00e0 l'origine de T\u00eate d'Affiche<\/h3>\t\t<\/div>\n\t\t\t\t<\/div>\n\t\t\t\t<div class=\"elementor-element elementor-element-81f8da2 elementor-widget__width-initial elementor-widget elementor-widget-text-editor\" data-id=\"81f8da2\" data-element_type=\"widget\" data-widget_type=\"text-editor.default\">\n\t\t\t\t<div class=\"elementor-widget-container\">\n\t\t\t\t\t\t\t<p>Elvine Marsh, elle-m\u00eame illustratrice, s\u2019est lanc\u00e9e et a ouvert la boutique T\u00eate d\u2019affiche \u00e0 l\u2019automne 2022. D\u00e9bordante d\u2019id\u00e9es, elle a cr\u00e9\u00e9 sa boutique en l\u2019espace de 3 mois.<\/p><p>\u00ab J\u2019ai travaill\u00e9 dans le stylisme pendant plusieurs ann\u00e9es, puis je me suis reconvertie dans l\u2019illustration et je suis devenue auto-entrepreneuse. J\u2019ai alors eu l\u2019id\u00e9e de proposer \u00e0 la vente des illustrations. Tout a \u00e9t\u00e9 rapide et sans obstacles\u00a0\u00bb<\/p><p>C\u2019est elle qui a imagin\u00e9 et r\u00e9alis\u00e9 l\u2019ensemble des illustrations sign\u00e9es T\u00eate d\u2019affiche que l\u2019on retrouve sur le site.<\/p>\t\t\t\t\t\t<\/div>\n\t\t\t\t<\/div>\n\t\t\t\t\t<\/div>\n\t\t<\/div>\n\t\t\t\t<div class=\"elementor-column elementor-col-50 elementor-inner-column elementor-element elementor-element-12bf6d1\" data-id=\"12bf6d1\" data-element_type=\"column\">\n\t\t\t<div class=\"elementor-widget-wrap elementor-element-populated\">\n\t\t\t\t\t\t<div class=\"elementor-element elementor-element-845c892 elementor-widget elementor-widget-image\" data-id=\"845c892\" data-element_type=\"widget\" data-widget_type=\"image.default\">\n\t\t\t\t<div class=\"elementor-widget-container\">\n\t\t\t\t\t\t\t\t\t\t\t\t\t<img decoding=\"async\" width=\"1024\" height=\"683\" src=\"https:\/\/tetedafficheshop.com\/wp-content\/uploads\/2024\/01\/image00004-1024x683.jpg\" class=\"attachment-large size-large wp-image-2119\" alt=\"\" srcset=\"https:\/\/tetedafficheshop.com\/wp-content\/uploads\/2024\/01\/image00004-1024x683.jpg 1024w, https:\/\/tetedafficheshop.com\/wp-content\/uploads\/2024\/01\/image00004-300x200.jpg 300w, https:\/\/tetedafficheshop.com\/wp-content\/uploads\/2024\/01\/image00004-768x512.jpg 768w, https:\/\/tetedafficheshop.com\/wp-content\/uploads\/2024\/01\/image00004-1536x1024.jpg 1536w, https:\/\/tetedafficheshop.com\/wp-content\/uploads\/2024\/01\/image00004-2048x1365.jpg 2048w, https:\/\/tetedafficheshop.com\/wp-content\/uploads\/2024\/01\/image00004-600x400.jpg 600w\" sizes=\"(max-width: 1024px) 100vw, 1024px\" \/>\t\t\t\t\t\t\t\t\t\t\t\t\t<\/div>\n\t\t\t\t<\/div>\n\t\t\t\t\t<\/div>\n\t\t<\/div>\n\t\t\t\t\t<\/div>\n\t\t<\/section>\n\t\t\t\t\t<\/div>\n\t\t<\/div>\n\t\t\t\t\t<\/div>\n\t\t<\/section>\n\t\t\t\t<section class=\"elementor-section elementor-top-section elementor-element elementor-element-f5e2626 elementor-section-boxed elementor-section-height-default elementor-section-height-default\" data-id=\"f5e2626\" data-element_type=\"section\">\n\t\t\t\t\t\t<div class=\"elementor-container elementor-column-gap-default\">\n\t\t\t\t\t<div class=\"elementor-column elementor-col-100 elementor-top-column elementor-element elementor-element-1d33864\" data-id=\"1d33864\" data-element_type=\"column\">\n\t\t\t<div class=\"elementor-widget-wrap\">\n\t\t\t\t\t\t\t<\/div>\n\t\t<\/div>\n\t\t\t\t\t<\/div>\n\t\t<\/section>\n\t\t\t\t<\/div>\n\t\t","protected":false},"excerpt":{"rendered":"<p>T\u00eate d&rsquo;Affiche c&rsquo;est quoi ? Au d\u00e9part T\u00eate d\u2019affiche c\u2019est une boutique \u00e0 Metz, r\u00e9f\u00e9ren\u00e7ant plus d\u2019une centaine d\u2019artistes d\u2019Europe. L\u2019identit\u00e9 de T\u00eate d\u2019affiche\u00a0? Une ambiance color\u00e9e, de la gaiet\u00e9 et du smile\u00a0! Situ\u00e9e au 12 rue Gambetta \u00e0 Metz, T\u00eate d\u2019affiche n\u2019est pas uniquement une boutique d\u2019illustrations\u00a0: il y a aussi des \u00e9v\u00e9nements organis\u00e9s [&hellip;]<\/p>\n","protected":false},"author":1,"featured_media":0,"parent":0,"menu_order":0,"comment_status":"closed","ping_status":"closed","template":"","meta":{"_monsterinsights_skip_tracking":false,"_monsterinsights_sitenote_active":false,"_monsterinsights_sitenote_note":"","_monsterinsights_sitenote_category":0,"site-sidebar-layout":"no-sidebar","site-content-layout":"page-builder","ast-site-content-layout":"","site-content-style":"default","site-sidebar-style":"default","ast-global-header-display":"","ast-banner-title-visibility":"","ast-main-header-display":"","ast-hfb-above-header-display":"","ast-hfb-below-header-display":"","ast-hfb-mobile-header-display":"","site-post-title":"disabled","ast-breadcrumbs-content":"","ast-featured-img":"disabled","footer-sml-layout":"","theme-transparent-header-meta":"","adv-header-id-meta":"","stick-header-meta":"","header-above-stick-meta":"","header-main-stick-meta":"","header-below-stick-meta":"","astra-migrate-meta-layouts":"default","ast-page-background-enabled":"default","ast-page-background-meta":{"desktop":{"background-color":"var(--ast-global-color-4)","background-image":"","background-repeat":"repeat","background-position":"center center","background-size":"auto","background-attachment":"scroll","background-type":"","background-media":"","overlay-type":"","overlay-color":"","overlay-opacity":"","overlay-gradient":""},"tablet":{"background-color":"","background-image":"","background-repeat":"repeat","background-position":"center center","background-size":"auto","background-attachment":"scroll","background-type":"","background-media":"","overlay-type":"","overlay-color":"","overlay-opacity":"","overlay-gradient":""},"mobile":{"background-color":"","background-image":"","background-repeat":"repeat","background-position":"center center","background-size":"auto","background-attachment":"scroll","background-type":"","background-media":"","overlay-type":"","overlay-color":"","overlay-opacity":"","overlay-gradient":""}},"ast-content-background-meta":{"desktop":{"background-color":"var(--ast-global-color-5)","background-image":"","background-repeat":"repeat","background-position":"center center","background-size":"auto","background-attachment":"scroll","background-type":"","background-media":"","overlay-type":"","overlay-color":"","overlay-opacity":"","overlay-gradient":""},"tablet":{"background-color":"var(--ast-global-color-5)","background-image":"","background-repeat":"repeat","background-position":"center center","background-size":"auto","background-attachment":"scroll","background-type":"","background-media":"","overlay-type":"","overlay-color":"","overlay-opacity":"","overlay-gradient":""},"mobile":{"background-color":"var(--ast-global-color-5)","background-image":"","background-repeat":"repeat","background-position":"center center","background-size":"auto","background-attachment":"scroll","background-type":"","background-media":"","overlay-type":"","overlay-color":"","overlay-opacity":"","overlay-gradient":""}},"footnotes":""},"yoast_head":"<!-- This site is optimized with the Yoast SEO plugin v22.9 - https:\/\/yoast.com\/wordpress\/plugins\/seo\/ -->\n<title>About Us - T\u00eate d&#039;Affiche<\/title>\n<meta name=\"robots\" content=\"index, follow, max-snippet:-1, max-image-preview:large, max-video-preview:-1\" \/>\n<link rel=\"canonical\" href=\"https:\/\/tetedafficheshop.com\/index.php\/about-us\/\" \/>\n<meta property=\"og:locale\" content=\"fr_FR\" \/>\n<meta property=\"og:type\" content=\"article\" \/>\n<meta property=\"og:title\" content=\"About Us - T\u00eate d&#039;Affiche\" \/>\n<meta property=\"og:description\" content=\"T\u00eate d&rsquo;Affiche c&rsquo;est quoi ? Au d\u00e9part T\u00eate d\u2019affiche c\u2019est une boutique \u00e0 Metz, r\u00e9f\u00e9ren\u00e7ant plus d\u2019une centaine d\u2019artistes d\u2019Europe. L\u2019identit\u00e9 de T\u00eate d\u2019affiche\u00a0? Une ambiance color\u00e9e, de la gaiet\u00e9 et du smile\u00a0! Situ\u00e9e au 12 rue Gambetta \u00e0 Metz, T\u00eate d\u2019affiche n\u2019est pas uniquement une boutique d\u2019illustrations\u00a0: il y a aussi des \u00e9v\u00e9nements organis\u00e9s [&hellip;]\" \/>\n<meta property=\"og:url\" content=\"https:\/\/tetedafficheshop.com\/index.php\/about-us\/\" \/>\n<meta property=\"og:site_name\" content=\"T\u00eate d&#039;Affiche\" \/>\n<meta property=\"article:modified_time\" content=\"2024-04-16T20:23:48+00:00\" \/>\n<meta property=\"og:image\" content=\"https:\/\/tetedafficheshop.com\/wp-content\/uploads\/2024\/01\/image00005-1024x683.jpg\" \/>\n<meta name=\"twitter:card\" content=\"summary_large_image\" \/>\n<meta name=\"twitter:label1\" content=\"Dur\u00e9e de lecture estim\u00e9e\" \/>\n\t<meta name=\"twitter:data1\" content=\"3 minutes\" \/>\n<script type=\"application\/ld+json\" class=\"yoast-schema-graph\">{\"@context\":\"https:\/\/schema.org\",\"@graph\":[{\"@type\":\"WebPage\",\"@id\":\"https:\/\/tetedafficheshop.com\/index.php\/about-us\/\",\"url\":\"https:\/\/tetedafficheshop.com\/index.php\/about-us\/\",\"name\":\"About Us - T\u00eate d&#039;Affiche\",\"isPartOf\":{\"@id\":\"https:\/\/tetedafficheshop.com\/#website\"},\"primaryImageOfPage\":{\"@id\":\"https:\/\/tetedafficheshop.com\/index.php\/about-us\/#primaryimage\"},\"image\":{\"@id\":\"https:\/\/tetedafficheshop.com\/index.php\/about-us\/#primaryimage\"},\"thumbnailUrl\":\"https:\/\/tetedafficheshop.com\/wp-content\/uploads\/2024\/01\/image00005-1024x683.jpg\",\"datePublished\":\"2023-10-27T16:39:18+00:00\",\"dateModified\":\"2024-04-16T20:23:48+00:00\",\"breadcrumb\":{\"@id\":\"https:\/\/tetedafficheshop.com\/index.php\/about-us\/#breadcrumb\"},\"inLanguage\":\"fr-FR\",\"potentialAction\":[{\"@type\":\"ReadAction\",\"target\":[\"https:\/\/tetedafficheshop.com\/index.php\/about-us\/\"]}]},{\"@type\":\"ImageObject\",\"inLanguage\":\"fr-FR\",\"@id\":\"https:\/\/tetedafficheshop.com\/index.php\/about-us\/#primaryimage\",\"url\":\"https:\/\/tetedafficheshop.com\/wp-content\/uploads\/2024\/01\/image00005-scaled.jpg\",\"contentUrl\":\"https:\/\/tetedafficheshop.com\/wp-content\/uploads\/2024\/01\/image00005-scaled.jpg\",\"width\":2560,\"height\":1706},{\"@type\":\"BreadcrumbList\",\"@id\":\"https:\/\/tetedafficheshop.com\/index.php\/about-us\/#breadcrumb\",\"itemListElement\":[{\"@type\":\"ListItem\",\"position\":1,\"name\":\"Accueil\",\"item\":\"https:\/\/tetedafficheshop.com\/\"},{\"@type\":\"ListItem\",\"position\":2,\"name\":\"About Us\"}]},{\"@type\":\"WebSite\",\"@id\":\"https:\/\/tetedafficheshop.com\/#website\",\"url\":\"https:\/\/tetedafficheshop.com\/\",\"name\":\"T\u00eate d&#039;Affiche\",\"description\":\"\",\"publisher\":{\"@id\":\"https:\/\/tetedafficheshop.com\/#organization\"},\"potentialAction\":[{\"@type\":\"SearchAction\",\"target\":{\"@type\":\"EntryPoint\",\"urlTemplate\":\"https:\/\/tetedafficheshop.com\/?s={search_term_string}\"},\"query-input\":\"required name=search_term_string\"}],\"inLanguage\":\"fr-FR\"},{\"@type\":\"Organization\",\"@id\":\"https:\/\/tetedafficheshop.com\/#organization\",\"name\":\"T\u00eate d'Affiche\",\"url\":\"https:\/\/tetedafficheshop.com\/\",\"logo\":{\"@type\":\"ImageObject\",\"inLanguage\":\"fr-FR\",\"@id\":\"https:\/\/tetedafficheshop.com\/#\/schema\/logo\/image\/\",\"url\":\"https:\/\/tetedafficheshop.com\/wp-content\/uploads\/2023\/06\/tete_daffiche.jpg\",\"contentUrl\":\"https:\/\/tetedafficheshop.com\/wp-content\/uploads\/2023\/06\/tete_daffiche.jpg\",\"width\":150,\"height\":150,\"caption\":\"T\u00eate d'Affiche\"},\"image\":{\"@id\":\"https:\/\/tetedafficheshop.com\/#\/schema\/logo\/image\/\"},\"sameAs\":[\"https:\/\/www.instagram.com\/tetedafficheshop\/\"]}]}<\/script>\n<!-- \/ Yoast SEO plugin. -->","yoast_head_json":{"title":"About Us - T\u00eate d&#039;Affiche","robots":{"index":"index","follow":"follow","max-snippet":"max-snippet:-1","max-image-preview":"max-image-preview:large","max-video-preview":"max-video-preview:-1"},"canonical":"https:\/\/tetedafficheshop.com\/index.php\/about-us\/","og_locale":"fr_FR","og_type":"article","og_title":"About Us - T\u00eate d&#039;Affiche","og_description":"T\u00eate d&rsquo;Affiche c&rsquo;est quoi ? Au d\u00e9part T\u00eate d\u2019affiche c\u2019est une boutique \u00e0 Metz, r\u00e9f\u00e9ren\u00e7ant plus d\u2019une centaine d\u2019artistes d\u2019Europe. L\u2019identit\u00e9 de T\u00eate d\u2019affiche\u00a0? Une ambiance color\u00e9e, de la gaiet\u00e9 et du smile\u00a0! Situ\u00e9e au 12 rue Gambetta \u00e0 Metz, T\u00eate d\u2019affiche n\u2019est pas uniquement une boutique d\u2019illustrations\u00a0: il y a aussi des \u00e9v\u00e9nements organis\u00e9s [&hellip;]","og_url":"https:\/\/tetedafficheshop.com\/index.php\/about-us\/","og_site_name":"T\u00eate d&#039;Affiche","article_modified_time":"2024-04-16T20:23:48+00:00","og_image":[{"url":"https:\/\/tetedafficheshop.com\/wp-content\/uploads\/2024\/01\/image00005-1024x683.jpg"}],"twitter_card":"summary_large_image","twitter_misc":{"Dur\u00e9e de lecture estim\u00e9e":"3 minutes"},"schema":{"@context":"https:\/\/schema.org","@graph":[{"@type":"WebPage","@id":"https:\/\/tetedafficheshop.com\/index.php\/about-us\/","url":"https:\/\/tetedafficheshop.com\/index.php\/about-us\/","name":"About Us - T\u00eate d&#039;Affiche","isPartOf":{"@id":"https:\/\/tetedafficheshop.com\/#website"},"primaryImageOfPage":{"@id":"https:\/\/tetedafficheshop.com\/index.php\/about-us\/#primaryimage"},"image":{"@id":"https:\/\/tetedafficheshop.com\/index.php\/about-us\/#primaryimage"},"thumbnailUrl":"https:\/\/tetedafficheshop.com\/wp-content\/uploads\/2024\/01\/image00005-1024x683.jpg","datePublished":"2023-10-27T16:39:18+00:00","dateModified":"2024-04-16T20:23:48+00:00","breadcrumb":{"@id":"https:\/\/tetedafficheshop.com\/index.php\/about-us\/#breadcrumb"},"inLanguage":"fr-FR","potentialAction":[{"@type":"ReadAction","target":["https:\/\/tetedafficheshop.com\/index.php\/about-us\/"]}]},{"@type":"ImageObject","inLanguage":"fr-FR","@id":"https:\/\/tetedafficheshop.com\/index.php\/about-us\/#primaryimage","url":"https:\/\/tetedafficheshop.com\/wp-content\/uploads\/2024\/01\/image00005-scaled.jpg","contentUrl":"https:\/\/tetedafficheshop.com\/wp-content\/uploads\/2024\/01\/image00005-scaled.jpg","width":2560,"height":1706},{"@type":"BreadcrumbList","@id":"https:\/\/tetedafficheshop.com\/index.php\/about-us\/#breadcrumb","itemListElement":[{"@type":"ListItem","position":1,"name":"Accueil","item":"https:\/\/tetedafficheshop.com\/"},{"@type":"ListItem","position":2,"name":"About Us"}]},{"@type":"WebSite","@id":"https:\/\/tetedafficheshop.com\/#website","url":"https:\/\/tetedafficheshop.com\/","name":"T\u00eate d&#039;Affiche","description":"","publisher":{"@id":"https:\/\/tetedafficheshop.com\/#organization"},"potentialAction":[{"@type":"SearchAction","target":{"@type":"EntryPoint","urlTemplate":"https:\/\/tetedafficheshop.com\/?s={search_term_string}"},"query-input":"required name=search_term_string"}],"inLanguage":"fr-FR"},{"@type":"Organization","@id":"https:\/\/tetedafficheshop.com\/#organization","name":"T\u00eate d'Affiche","url":"https:\/\/tetedafficheshop.com\/","logo":{"@type":"ImageObject","inLanguage":"fr-FR","@id":"https:\/\/tetedafficheshop.com\/#\/schema\/logo\/image\/","url":"https:\/\/tetedafficheshop.com\/wp-content\/uploads\/2023\/06\/tete_daffiche.jpg","contentUrl":"https:\/\/tetedafficheshop.com\/wp-content\/uploads\/2023\/06\/tete_daffiche.jpg","width":150,"height":150,"caption":"T\u00eate d'Affiche"},"image":{"@id":"https:\/\/tetedafficheshop.com\/#\/schema\/logo\/image\/"},"sameAs":["https:\/\/www.instagram.com\/tetedafficheshop\/"]}]}},"jetpack_sharing_enabled":true,"_links":{"self":[{"href":"https:\/\/tetedafficheshop.com\/index.php\/wp-json\/wp\/v2\/pages\/1909"}],"collection":[{"href":"https:\/\/tetedafficheshop.com\/index.php\/wp-json\/wp\/v2\/pages"}],"about":[{"href":"https:\/\/tetedafficheshop.com\/index.php\/wp-json\/wp\/v2\/types\/page"}],"author":[{"embeddable":true,"href":"https:\/\/tetedafficheshop.com\/index.php\/wp-json\/wp\/v2\/users\/1"}],"replies":[{"embeddable":true,"href":"https:\/\/tetedafficheshop.com\/index.php\/wp-json\/wp\/v2\/comments?post=1909"}],"version-history":[{"count":28,"href":"https:\/\/tetedafficheshop.com\/index.php\/wp-json\/wp\/v2\/pages\/1909\/revisions"}],"predecessor-version":[{"id":2165,"href":"https:\/\/tetedafficheshop.com\/index.php\/wp-json\/wp\/v2\/pages\/1909\/revisions\/2165"}],"wp:attachment":[{"href":"https:\/\/tetedafficheshop.com\/index.php\/wp-json\/wp\/v2\/media?parent=1909"}],"curies":[{"name":"wp","href":"https:\/\/api.w.org\/{rel}","templated":true}]}}